{"id":76,"date":"2025-12-02T11:27:26","date_gmt":"2025-12-02T11:27:26","guid":{"rendered":"https:\/\/sfr-invest.com\/?page_id=76"},"modified":"2025-12-04T14:28:03","modified_gmt":"2025-12-04T14:28:03","slug":"disclaimer","status":"publish","type":"page","link":"https:\/\/sfr-invest.com\/en\/disclaimer\/","title":{"rendered":"Disclaimer"},"content":{"rendered":"<div data-elementor-type=\"wp-page\" data-elementor-id=\"76\" class=\"elementor elementor-76\" data-elementor-post-type=\"page\">\n\t\t\t\t<div class=\"elementor-element elementor-element-9a1c127 e-con-full e-flex e-con e-child\" data-id=\"9a1c127\" data-element_type=\"container\" data-settings=\"{&quot;background_background&quot;:&quot;classic&quot;}\">\n\t\t<div class=\"elementor-element elementor-element-833aeea e-con-full elementor-hidden-tablet elementor-hidden-mobile e-flex e-con e-child\" data-id=\"833aeea\" data-element_type=\"container\" data-settings=\"{&quot;background_background&quot;:&quot;classic&quot;,&quot;position&quot;:&quot;absolute&quot;}\">\n\t\t\t\t<\/div>\n\t\t\t\t<div class=\"elementor-element elementor-element-fe2f09c elementor-widget elementor-widget-heading\" data-id=\"fe2f09c\" data-element_type=\"widget\" data-widget_type=\"heading.default\">\n\t\t\t\t\t<h1 class=\"elementor-heading-title elementor-size-default\">Disclaimer<\/h1>\t\t\t\t<\/div>\n\t\t\t\t<div class=\"elementor-element elementor-element-e226873 elementor-widget-divider--view-line elementor-widget elementor-widget-divider\" data-id=\"e226873\" data-element_type=\"widget\" data-widget_type=\"divider.default\">\n\t\t\t\t\t\t\t<div class=\"elementor-divider\">\n\t\t\t<span class=\"elementor-divider-separator\">\n\t\t\t\t\t\t<\/span>\n\t\t<\/div>\n\t\t\t\t\t\t<\/div>\n\t\t\t\t<div class=\"elementor-element elementor-element-292a446 elementor-widget elementor-widget-heading\" data-id=\"292a446\" data-element_type=\"widget\" data-widget_type=\"heading.default\">\n\t\t\t\t\t<span class=\"elementor-heading-title elementor-size-default\">Rechtliche Informationen<\/span>\t\t\t\t<\/div>\n\t\t\t\t<\/div>\n\t\t<div class=\"elementor-element elementor-element-29f2c6f mrkt_root_container e-con-full e-flex e-con e-parent\" data-id=\"29f2c6f\" data-element_type=\"container\">\n\t\t\t\t<div class=\"elementor-element elementor-element-54a8371 elementor-widget elementor-widget-heading\" data-id=\"54a8371\" data-element_type=\"widget\" data-widget_type=\"heading.default\">\n\t\t\t\t\t<h2 class=\"elementor-heading-title elementor-size-default\">Rechtliche Informationen<\/h2>\t\t\t\t<\/div>\n\t\t\t\t<div class=\"elementor-element elementor-element-750e694 elementor-widget elementor-widget-text-editor\" data-id=\"750e694\" data-element_type=\"widget\" data-widget_type=\"text-editor.default\">\n\t\t\t\t\t\t\t\t\t<h3>Betreiber der Webseite<\/h3><p>Diese Webseite wird betrieben durch den:<\/p><p>Swiss Family Relations AG<\/p><p>Zeltweg 11, 8032, Z\u00fcrich, Schweiz<\/p><p>E-Mail: info@swissfamilyclub.com<\/p><p>Telefon: 044-256 16 07<\/p><p>Der Verein ist ein privatrechtlich organisierter Zusammenschluss mit Sitz in der Schweiz. Er verfolgt keine kommerziellen Zwecke, sondern dient der F\u00f6rderung des Austauschs, der Netzwerkbildung und der Entwicklung von Beziehungen zwischen unternehmerisch denkenden Pers\u00f6nlichkeiten und Institutionen.<\/p><h3>Bereitgestellte Informationen<\/h3><p>Die auf dieser Webseite bereitgestellten Informationen dienen ausschliesslich allgemeinen und informativen Zwecken.<\/p><p>Der Verein Swiss Family Investors Club:<\/p><ul><li>erbringt keine Finanzdienstleistungen im Sinne des Finanzdienstleistungsgesetzes (FIDLEG) oder anderer Finanzmarktgesetze,<\/li><li>vermittelt keine Finanzinstrumente,<\/li><li>bietet keine Anlage-, Verm\u00f6gens- oder Strukturierungsberatung,<\/li><li>nimmt keine Einlagen entgegen und<\/li><li>f\u00fchrt keine Transaktionen im Namen Dritter durch.<\/li><\/ul><p>Etwaige Darstellungen oder Beschreibungen von Projekten, Beteiligungen oder Strukturen dienen ausschliesslich der Information \u00fcber T\u00e4tigkeitsfelder und Werteverst\u00e4ndnis des Vereins. Sie stellen keine Empfehlung, Aufforderung oder Angebot zum Kauf, Verkauf oder Halten von Finanzprodukten dar.<\/p><p>Alle Entscheidungen \u00fcber Investitionen oder Finanzprodukte liegen ausschliesslich in der Verantwortung der jeweiligen Personen, welche sich vor einer Handlung durch geeignete Fachpersonen (z. B. Rechts- oder Finanzberater) beraten lassen sollten.<\/p><h3>Haftungsausschluss f\u00fcr Inhalte und Links<\/h3><p>Der Verein Swiss Family Investors Club ist bestrebt, die auf dieser Website bereitgestellten Inhalte laufend zu aktualisieren und korrekt darzustellen. Dennoch \u00fcbernimmt der Verein Swiss Family Investors Club keine Gew\u00e4hr f\u00fcr die Richtigkeit, Vollst\u00e4ndigkeit und Aktualit\u00e4t der bereitgestellten Informationen, insbesondere solche, die von Dritten stammen. Wir behalten uns das Recht vor, Inhalte ohne vorherige Ank\u00fcndigung zu \u00e4ndern, zu erg\u00e4nzen oder zu entfernen.<\/p><p>Unsere Website enth\u00e4lt Links zu externen Webseiten Dritter, auf deren Inhalte wir keinen Einfluss haben. F\u00fcr die Inhalte der verlinkten Seiten ist stets der jeweilige Anbieter oder Betreiber der Seiten verantwortlich. Zum Zeitpunkt der Verlinkung waren keine rechtswidrigen Inhalte erkennbar. Eine permanente inhaltliche Kontrolle der verlinkten Seiten ist jedoch ohne konkrete Anhaltspunkte einer Rechtsverletzung nicht zumutbar. Bei Bekanntwerden von Rechtsverletzungen werden derartige Links umgehend entfernt.<\/p><h3>Urheberrechtshinweis<\/h3><p>Die auf dieser Website ver\u00f6ffentlichten Inhalte, einschliesslich Grafiken, Bilder, Fotos, Texte und Videos (nachfolgend \u201eInhalte\u201c genannt), unterliegen dem Urheberrecht. Wir sind bestrebt, ausschliesslich selbst erstellte Inhalte zu verwenden oder auf lizenzfreie Materialien zur\u00fcckzugreifen und dabei geltende Urheberrechte zu wahren.<\/p><p>F\u00fcr bestimmte auf dieser Website verwendete Grafiken, Bilder und Fotos wurden Lizenzen \u00fcber externe Anbieter erworben. Jede Nutzung dieser lizenzierten Inhalte erfolgt im Rahmen der jeweiligen Lizenzbedingungen. Eine Weiterverwendung, Vervielf\u00e4ltigung, Bearbeitung oder Verbreitung dieser Inhalte ist ohne unsere ausdr\u00fcckliche Zustimmung sowie ohne Beachtung der entsprechenden Lizenzbestimmungen nicht gestattet.<\/p><p>Die von uns selbst erstellten Inhalte dieser Website d\u00fcrfen ebenfalls nicht ohne vorherige schriftliche Genehmigung vervielf\u00e4ltigt, bearbeitet, verbreitet oder anderweitig verwertet werden.<\/p><p>Inhalte Dritter sind als solche gekennzeichnet, sofern sie nicht von uns stammen. Sollten Sie dennoch auf eine m\u00f6gliche Urheberrechtsverletzung aufmerksam werden, bitten wir Sie, uns umgehend zu informieren. Bei Bekanntwerden von Rechtsverletzungen werden wir betroffene Inhalte unverz\u00fcglich entfernen.<\/p><h3>Datenschutz<\/h3><p>Der Umgang mit personenbezogenen Daten richtet sich nach dem Schweizer Datenschutzgesetz (DSG) und der Datenschutz-Grundverordnung (DSGVO), soweit diese Anwendung findet. Details hierzu finden Sie in der gesonderten <a href=\"\/en\/datenschutz\/\">Datenschutzerkl\u00e4rung<\/a> dieser Webseite.<\/p><h3>Hinweis<\/h3><p>Diese Webseite unterliegt dem Schweizer Recht.<\/p>\t\t\t\t\t\t\t\t<\/div>\n\t\t\t\t<\/div>\n\t\t\t\t<\/div>","protected":false},"excerpt":{"rendered":"<p>Disclaimer Rechtliche Informationen Rechtliche Informationen Betreiber der Webseite Diese Webseite wird betrieben durch den: Swiss Family Relations AG Zeltweg 11, 8032, Z\u00fcrich, Schweiz E-Mail: info@swissfamilyclub.com Telefon: 044-256 16 07 Der Verein ist ein privatrechtlich organisierter Zusammenschluss mit Sitz in der Schweiz. Er verfolgt keine kommerziellen Zwecke, sondern dient der F\u00f6rderung des Austauschs, der Netzwerkbildung und [&hellip;]<\/p>","protected":false},"author":1,"featured_media":0,"parent":0,"menu_order":0,"comment_status":"closed","ping_status":"closed","template":"","meta":{"footnotes":""},"class_list":["post-76","page","type-page","status-publish","hentry"],"yoast_head":"<!-- This site is optimized with the Yoast SEO plugin v26.4 - https:\/\/yoast.com\/wordpress\/plugins\/seo\/ -->\n<title>Disclaimer - SFR Invest<\/title>\n<meta name=\"robots\" content=\"index, follow, max-snippet:-1, max-image-preview:large, max-video-preview:-1\" \/>\n<link rel=\"canonical\" href=\"https:\/\/sfr-invest.com\/en\/disclaimer\/\" \/>\n<meta property=\"og:locale\" content=\"en_US\" \/>\n<meta property=\"og:type\" content=\"article\" \/>\n<meta property=\"og:title\" content=\"Disclaimer - SFR Invest\" \/>\n<meta property=\"og:description\" content=\"Disclaimer Rechtliche Informationen Rechtliche Informationen Betreiber der Webseite Diese Webseite wird betrieben durch den: Swiss Family Relations AG Zeltweg 11, 8032, Z\u00fcrich, Schweiz E-Mail: info@swissfamilyclub.com Telefon: 044-256 16 07 Der Verein ist ein privatrechtlich organisierter Zusammenschluss mit Sitz in der Schweiz. Er verfolgt keine kommerziellen Zwecke, sondern dient der F\u00f6rderung des Austauschs, der Netzwerkbildung und [&hellip;]\" \/>\n<meta property=\"og:url\" content=\"https:\/\/sfr-invest.com\/en\/disclaimer\/\" \/>\n<meta property=\"og:site_name\" content=\"SFR Invest\" \/>\n<meta property=\"article:modified_time\" content=\"2025-12-04T14:28:03+00:00\" \/>\n<meta name=\"twitter:card\" content=\"summary_large_image\" \/>\n<meta name=\"twitter:label1\" content=\"Est. reading time\" \/>\n\t<meta name=\"twitter:data1\" content=\"3 minutes\" \/>\n<script type=\"application\/ld+json\" class=\"yoast-schema-graph\">{\"@context\":\"https:\/\/schema.org\",\"@graph\":[{\"@type\":\"WebPage\",\"@id\":\"https:\/\/sfr-invest.com\/disclaimer\/\",\"url\":\"https:\/\/sfr-invest.com\/disclaimer\/\",\"name\":\"Disclaimer - SFR Invest\",\"isPartOf\":{\"@id\":\"https:\/\/sfr-invest.com\/#website\"},\"datePublished\":\"2025-12-02T11:27:26+00:00\",\"dateModified\":\"2025-12-04T14:28:03+00:00\",\"breadcrumb\":{\"@id\":\"https:\/\/sfr-invest.com\/disclaimer\/#breadcrumb\"},\"inLanguage\":\"en-US\",\"potentialAction\":[{\"@type\":\"ReadAction\",\"target\":[\"https:\/\/sfr-invest.com\/disclaimer\/\"]}]},{\"@type\":\"BreadcrumbList\",\"@id\":\"https:\/\/sfr-invest.com\/disclaimer\/#breadcrumb\",\"itemListElement\":[{\"@type\":\"ListItem\",\"position\":1,\"name\":\"Startseite\",\"item\":\"https:\/\/sfr-invest.com\/\"},{\"@type\":\"ListItem\",\"position\":2,\"name\":\"Disclaimer\"}]},{\"@type\":\"WebSite\",\"@id\":\"https:\/\/sfr-invest.com\/#website\",\"url\":\"https:\/\/sfr-invest.com\/\",\"name\":\"SFR Invest\",\"description\":\"\",\"potentialAction\":[{\"@type\":\"SearchAction\",\"target\":{\"@type\":\"EntryPoint\",\"urlTemplate\":\"https:\/\/sfr-invest.com\/?s={search_term_string}\"},\"query-input\":{\"@type\":\"PropertyValueSpecification\",\"valueRequired\":true,\"valueName\":\"search_term_string\"}}],\"inLanguage\":\"en-US\"}]}<\/script>\n<!-- \/ Yoast SEO plugin. -->","yoast_head_json":{"title":"Disclaimer - SFR Invest","robots":{"index":"index","follow":"follow","max-snippet":"max-snippet:-1","max-image-preview":"max-image-preview:large","max-video-preview":"max-video-preview:-1"},"canonical":"https:\/\/sfr-invest.com\/en\/disclaimer\/","og_locale":"en_US","og_type":"article","og_title":"Disclaimer - SFR Invest","og_description":"Disclaimer Rechtliche Informationen Rechtliche Informationen Betreiber der Webseite Diese Webseite wird betrieben durch den: Swiss Family Relations AG Zeltweg 11, 8032, Z\u00fcrich, Schweiz E-Mail: info@swissfamilyclub.com Telefon: 044-256 16 07 Der Verein ist ein privatrechtlich organisierter Zusammenschluss mit Sitz in der Schweiz. Er verfolgt keine kommerziellen Zwecke, sondern dient der F\u00f6rderung des Austauschs, der Netzwerkbildung und [&hellip;]","og_url":"https:\/\/sfr-invest.com\/en\/disclaimer\/","og_site_name":"SFR Invest","article_modified_time":"2025-12-04T14:28:03+00:00","twitter_card":"summary_large_image","twitter_misc":{"Est. reading time":"3 minutes"},"schema":{"@context":"https:\/\/schema.org","@graph":[{"@type":"WebPage","@id":"https:\/\/sfr-invest.com\/disclaimer\/","url":"https:\/\/sfr-invest.com\/disclaimer\/","name":"Disclaimer - SFR Invest","isPartOf":{"@id":"https:\/\/sfr-invest.com\/#website"},"datePublished":"2025-12-02T11:27:26+00:00","dateModified":"2025-12-04T14:28:03+00:00","breadcrumb":{"@id":"https:\/\/sfr-invest.com\/disclaimer\/#breadcrumb"},"inLanguage":"en-US","potentialAction":[{"@type":"ReadAction","target":["https:\/\/sfr-invest.com\/disclaimer\/"]}]},{"@type":"BreadcrumbList","@id":"https:\/\/sfr-invest.com\/disclaimer\/#breadcrumb","itemListElement":[{"@type":"ListItem","position":1,"name":"Startseite","item":"https:\/\/sfr-invest.com\/"},{"@type":"ListItem","position":2,"name":"Disclaimer"}]},{"@type":"WebSite","@id":"https:\/\/sfr-invest.com\/#website","url":"https:\/\/sfr-invest.com\/","name":"SFR Invest","description":"","potentialAction":[{"@type":"SearchAction","target":{"@type":"EntryPoint","urlTemplate":"https:\/\/sfr-invest.com\/?s={search_term_string}"},"query-input":{"@type":"PropertyValueSpecification","valueRequired":true,"valueName":"search_term_string"}}],"inLanguage":"en-US"}]}},"_links":{"self":[{"href":"https:\/\/sfr-invest.com\/en\/wp-json\/wp\/v2\/pages\/76","targetHints":{"allow":["GET"]}}],"collection":[{"href":"https:\/\/sfr-invest.com\/en\/wp-json\/wp\/v2\/pages"}],"about":[{"href":"https:\/\/sfr-invest.com\/en\/wp-json\/wp\/v2\/types\/page"}],"author":[{"embeddable":true,"href":"https:\/\/sfr-invest.com\/en\/wp-json\/wp\/v2\/users\/1"}],"replies":[{"embeddable":true,"href":"https:\/\/sfr-invest.com\/en\/wp-json\/wp\/v2\/comments?post=76"}],"version-history":[{"count":10,"href":"https:\/\/sfr-invest.com\/en\/wp-json\/wp\/v2\/pages\/76\/revisions"}],"predecessor-version":[{"id":620,"href":"https:\/\/sfr-invest.com\/en\/wp-json\/wp\/v2\/pages\/76\/revisions\/620"}],"wp:attachment":[{"href":"https:\/\/sfr-invest.com\/en\/wp-json\/wp\/v2\/media?parent=76"}],"curies":[{"name":"wp","href":"https:\/\/api.w.org\/{rel}","templated":true}]}}